{"id":102,"date":"2025-04-13T14:41:56","date_gmt":"2025-04-13T14:41:56","guid":{"rendered":"https:\/\/ipnosisensuale.com\/?page_id=102"},"modified":"2025-04-13T14:52:06","modified_gmt":"2025-04-13T14:52:06","slug":"erotismo-accessibile-audio-erotici-per-ciechi-e-ipovedenti","status":"publish","type":"page","link":"https:\/\/ipnosisensuale.com\/index.php\/erotismo-accessibile-audio-erotici-per-ciechi-e-ipovedenti\/","title":{"rendered":"Erotismo Accessibile: Audio Erotici per Ciechi e Ipovedenti"},"content":{"rendered":"\n<h1>\n\t\t<strong>Il Progetto Ipnosi Sensuale per Non Vedenti: Inclusivit\u00e0 e Accessibilit\u00e0 nel Mondo del Piacere<\/strong>\n\t<\/h1>\n\t<p>Benvenuti nel mio spazio dedicato interamente a chi desidera esplorare il piacere attraverso l&#8217;ipnosi sensuale, pensato per ciechi e ipovedenti. Con questo progetto, intendo abbattere ogni barriera sensoriale, offrendo esperienze completamente accessibili che stimolano l&#8217;immaginazione, la sensazione e l&#8217;emozione attraverso l&#8217;audio.<\/p>\n<p>Ipnosi Sensuale \u00e8 adatto per Non Vedenti. E&#8217; una proposta unica nel panorama dell&#8217;intrattenimento erotico, in cui ogni contenuto \u00e8 creato per coinvolgere e arricchire l&#8217;esperienza sensoriale. Ogni racconto, ogni scena, \u00e8 pensata per stimolare la mente e il corpo, e permettere anche a chi ha disabilit\u00e0 visive di godere appieno delle mie storie sensoriali.<\/p>\n<p>La mia missione \u00e8 quella di creare un ambiente inclusivo e accogliente, dove ogni individuo, indipendentemente dalla propria condizione, possa esplorare la sensualit\u00e0 e il piacere in un contesto che promuove la diversit\u00e0 e l&#8217;accessibilit\u00e0. I miei contenuti sono pensati per essere completamente fruibili tramite audio descrittivo di alta qualit\u00e0, pensato per risvegliare tutti i sensi, anche per chi non ha la possibilit\u00e0 di vedere.<\/p>\n<p>Con il mio impegno per l&#8217;inclusivit\u00e0, voglio offrire esperienze che non solo sono erotiche, ma anche emozionali, costruendo un legame profondo e coinvolgente con i miei ascoltatori. Un viaggio sensoriale che non ha limiti, pensato per tutti.<\/p>\n<p>Barbara<\/p>\n\t\t\t<a href=\"http:\/\/patreon.com\/user?u=55612309\" target=\"_self\">\n\t\t\t\t\t\t\tProva Ora\n\t\t\t\t\t<\/a>\n\n","protected":false},"excerpt":{"rendered":"<p>Il Progetto Ipnosi Sensuale per Non Vedenti: Inclusivit\u00e0 e Accessibilit\u00e0 nel Mondo del Piacere Benvenuti nel mio spazio dedicato interamente a chi desidera esplorare il piacere attraverso l&#8217;ipnosi sensuale, pensato per ciechi e ipovedenti. Con questo progetto, intendo abbattere ogni barriera sensoriale, offrendo esperienze completamente accessibili che stimolano l&#8217;immaginazione, la sensazione e l&#8217;emozione attraverso l&#8217;audio. [&hellip;]<\/p>\n","protected":false},"author":1,"featured_media":0,"parent":0,"menu_order":0,"comment_status":"closed","ping_status":"closed","template":"","meta":{"ocean_post_layout":"","ocean_both_sidebars_style":"","ocean_both_sidebars_content_width":0,"ocean_both_sidebars_sidebars_width":0,"ocean_sidebar":"","ocean_second_sidebar":"","ocean_disable_margins":"enable","ocean_add_body_class":"","ocean_shortcode_before_top_bar":"","ocean_shortcode_after_top_bar":"","ocean_shortcode_before_header":"","ocean_shortcode_after_header":"","ocean_has_shortcode":"","ocean_shortcode_after_title":"","ocean_shortcode_before_footer_widgets":"","ocean_shortcode_after_footer_widgets":"","ocean_shortcode_before_footer_bottom":"","ocean_shortcode_after_footer_bottom":"","ocean_display_top_bar":"default","ocean_display_header":"default","ocean_header_style":"","ocean_center_header_left_menu":"","ocean_custom_header_template":"","ocean_custom_logo":0,"ocean_custom_retina_logo":0,"ocean_custom_logo_max_width":0,"ocean_custom_logo_tablet_max_width":0,"ocean_custom_logo_mobile_max_width":0,"ocean_custom_logo_max_height":0,"ocean_custom_logo_tablet_max_height":0,"ocean_custom_logo_mobile_max_height":0,"ocean_header_custom_menu":"","ocean_menu_typo_font_family":"","ocean_menu_typo_font_subset":"","ocean_menu_typo_font_size":0,"ocean_menu_typo_font_size_tablet":0,"ocean_menu_typo_font_size_mobile":0,"ocean_menu_typo_font_size_unit":"px","ocean_menu_typo_font_weight":"","ocean_menu_typo_font_weight_tablet":"","ocean_menu_typo_font_weight_mobile":"","ocean_menu_typo_transform":"","ocean_menu_typo_transform_tablet":"","ocean_menu_typo_transform_mobile":"","ocean_menu_typo_line_height":0,"ocean_menu_typo_line_height_tablet":0,"ocean_menu_typo_line_height_mobile":0,"ocean_menu_typo_line_height_unit":"","ocean_menu_typo_spacing":0,"ocean_menu_typo_spacing_tablet":0,"ocean_menu_typo_spacing_mobile":0,"ocean_menu_typo_spacing_unit":"","ocean_menu_link_color":"","ocean_menu_link_color_hover":"","ocean_menu_link_color_active":"","ocean_menu_link_background":"","ocean_menu_link_hover_background":"","ocean_menu_link_active_background":"","ocean_menu_social_links_bg":"","ocean_menu_social_hover_links_bg":"","ocean_menu_social_links_color":"","ocean_menu_social_hover_links_color":"","ocean_disable_title":"default","ocean_disable_heading":"default","ocean_post_title":"","ocean_post_subheading":"","ocean_post_title_style":"","ocean_post_title_background_color":"","ocean_post_title_background":0,"ocean_post_title_bg_image_position":"","ocean_post_title_bg_image_attachment":"","ocean_post_title_bg_image_repeat":"","ocean_post_title_bg_image_size":"","ocean_post_title_height":0,"ocean_post_title_bg_overlay":0.5,"ocean_post_title_bg_overlay_color":"","ocean_disable_breadcrumbs":"default","ocean_breadcrumbs_color":"","ocean_breadcrumbs_separator_color":"","ocean_breadcrumbs_links_color":"","ocean_breadcrumbs_links_hover_color":"","ocean_display_footer_widgets":"default","ocean_display_footer_bottom":"default","ocean_custom_footer_template":"","footnotes":""},"class_list":["post-102","page","type-page","status-publish","hentry","entry"],"_links":{"self":[{"href":"https:\/\/ipnosisensuale.com\/index.php\/wp-json\/wp\/v2\/pages\/102","targetHints":{"allow":["GET"]}}],"collection":[{"href":"https:\/\/ipnosisensuale.com\/index.php\/wp-json\/wp\/v2\/pages"}],"about":[{"href":"https:\/\/ipnosisensuale.com\/index.php\/wp-json\/wp\/v2\/types\/page"}],"author":[{"embeddable":true,"href":"https:\/\/ipnosisensuale.com\/index.php\/wp-json\/wp\/v2\/users\/1"}],"replies":[{"embeddable":true,"href":"https:\/\/ipnosisensuale.com\/index.php\/wp-json\/wp\/v2\/comments?post=102"}],"version-history":[{"count":6,"href":"https:\/\/ipnosisensuale.com\/index.php\/wp-json\/wp\/v2\/pages\/102\/revisions"}],"predecessor-version":[{"id":110,"href":"https:\/\/ipnosisensuale.com\/index.php\/wp-json\/wp\/v2\/pages\/102\/revisions\/110"}],"wp:attachment":[{"href":"https:\/\/ipnosisensuale.com\/index.php\/wp-json\/wp\/v2\/media?parent=102"}],"curies":[{"name":"wp","href":"https:\/\/api.w.org\/{rel}","templated":true}]}}